{"id":10804,"date":"2022-01-24T18:31:18","date_gmt":"2022-01-24T17:31:18","guid":{"rendered":"https:\/\/www.diapli.com\/?page_id=10804"},"modified":"2022-02-22T20:23:09","modified_gmt":"2022-02-22T19:23:09","slug":"kit-digital","status":"publish","type":"page","link":"https:\/\/www.diapli.com\/?page_id=10804","title":{"rendered":"KIT DIGITAL"},"content":{"rendered":"<p><strong><img loading=\"lazy\" decoding=\"async\" class=\"wp-image-10815 aligncenter\" src=\"https:\/\/www.diapli.com\/wp-content\/uploads\/2022\/02\/Logo-digitalizadores-300x35.png\" alt=\"\" width=\"1363\" height=\"159\" srcset=\"https:\/\/www.diapli.com\/wp-content\/uploads\/2022\/02\/Logo-digitalizadores-300x35.png 300w, https:\/\/www.diapli.com\/wp-content\/uploads\/2022\/02\/Logo-digitalizadores-1024x119.png 1024w, https:\/\/www.diapli.com\/wp-content\/uploads\/2022\/02\/Logo-digitalizadores-768x89.png 768w, https:\/\/www.diapli.com\/wp-content\/uploads\/2022\/02\/Logo-digitalizadores-1536x178.png 1536w, https:\/\/www.diapli.com\/wp-content\/uploads\/2022\/02\/Logo-digitalizadores-2048x238.png 2048w\" sizes=\"(max-width: 1363px) 100vw, 1363px\" \/><\/strong><\/p>\n<p><strong>Ayudas Pymes<\/strong><\/p>\n<section class=\"main-section d-flex align-items-center\">\n<div class=\"container\">\n<div class=\"row align-items-center\">\n<div class=\"col-lg-7 col-12\">\n<h1 class=\"font-weight-bold main-title mt-3 mt-lg-5 text-green \"><span class=\"gradient-text\">Programa KIT DIGITAL<\/span><\/h1>\n<h5 class=\"mt-4 text-white h2\"><strong>100% Subvencionado hasta 12.000 \u20ac<\/strong><br \/>\n\u00a1Digitaliza ya tu empresa!<\/h5>\n<figure><\/figure>\n<\/div>\n<div class=\"col-lg-5 col-12\"><\/div>\n<\/div>\n<\/div>\n<\/section>\n<section class=\"section acelera-section position-relative\" data-text=\"Ventajas\">\n<div class=\"container\">\n<div class=\"row\">\n<div class=\"col-12\">\n<ul class=\"list-unstyled destacadas\">\n<li class=\"mb-4 align-items-start text-center\" style=\"padding: 20px; border-radius: 10px; border: 1px solid #ccc;\"><strong>Diapli Software SL est\u00e1 adherida al Cat\u00e1logo de Soluciones de Digitalizaci\u00f3n del Programa Kit Digital.<\/strong> La financiaci\u00f3n de las ayudas se efect\u00faa con fondos del Plan de Recuperaci\u00f3n, Transformaci\u00f3n y Resiliencia de Espa\u00f1a, financiado por el Plan europeo Next Generation EU.<\/li>\n<\/ul>\n<\/div>\n<\/div>\n<div class=\"row\">\n<div class=\"col-12\">\n<h2 class=\"h1 big font-weight-bold mt-xl-5 mt-5\">\u00bfQu\u00e9 es el programa<br \/>\n<span class=\"gradient-text\">Kit Digital<\/span>?<\/h2>\n<p>&nbsp;<\/p>\n<\/div>\n<\/div>\n<div class=\"row\">\n<div class=\"col-lg-6 col-12\">\n<p class=\"opacity-75 mb-0\">El programa <strong>KIT DIGITAL es una nueva ayuda p\u00fablica dirigida a la digitalizaci\u00f3n de empresas<\/strong>. El principal objetivo del programa es implantar soluciones digitales que ayuden a las empresas a alcanzar un nivel de madurez digital, imprescindible para todo tipo de negocio.<\/p>\n<\/div>\n<div class=\"col-lg-6 col-12\">\n<p class=\"opacity-75 mb-0\">El programa est\u00e1 dirigido a peque\u00f1as empresas, microempresas y aut\u00f3nomos que pertenezcan a cualquier tipo de negocio o sector.<br \/>\n<strong>Procedente de fondos europeos<\/strong>, el programa KIT DIGITAL es una nueva iniciativa del Ministerio de Asuntos Tecnol\u00f3gicos y Transformaci\u00f3n Digital.<\/p>\n<\/div>\n<\/div>\n<div class=\"row\" style=\"margin-top: 40px; margin-bottom: 20px;\">\n<div class=\"col-lg-12\">\n<h4 class=\"h4\">En Diapli queremos ser el agente digitalizador encargado de tu proyecto. Te acompa\u00f1aremos durante todo el proceso, desde la solicitud hasta la entrega final de todas las soluciones seleccionadas.<\/h4>\n<\/div>\n<\/div>\n<div class=\"row\">\n<div class=\"col-12\">\n<ul class=\"list-unstyled destacadas\">\n<li class=\"mb-4 align-items-start\" style=\"padding: 40px; border-radius: 40px; background: #F9FCF1;\"><span class=\"text-green h4 mr-2 mb-0\">\u00bfDe cu\u00e1nto es la ayuda del programa Kit Digital?<\/span>\n<div><span class=\"h2 mb-3\">El programa subvenciona el <span class=\"text-green font-weight-bold\">100%<\/span> del coste de los proyectos. <\/span><\/div>\n<\/li>\n<\/ul>\n<\/div>\n<\/div>\n<\/div>\n<\/section>\n<section class=\"how-section2 has-text is-right is-green dots\">\n<div class=\"container\">\n<div class=\"row align-items-center\">\n<div class=\"col-lg-5 col-12\"><\/div>\n<div class=\"col-lg-7 col-12 pl-md-5 my-4 my-md-0\" style=\"padding: 40px 0;\">\n<h3 class=\"font-weight-bold h2 text-white text-left\">\u00bfNo sabes si puedes solicitar la subvenci\u00f3n de Kit Digital?<\/h3>\n<p class=\"h5 text-white text-left\">Ponte en contacto con nosotros ahora <strong>totalmente sin compromiso<\/strong> y resolveremos tus dudas.<\/p>\n<p><a class=\"cta_btn btn btn-contact\" rel=\"nofollow\">\u00a1Cont\u00e1ctanos ahora!<\/a><\/p>\n<\/div>\n<\/div>\n<\/div>\n<\/section>\n<section class=\"section acelera-section position-relative\" style=\"padding-top: 3rem;\" data-text=\"Ventajas\">\n<div class=\"container\">\n<h2 class=\"h4 font-weight-bold mt-5 mb-3 mt-md-0 mt-xl-5\">Requisitos para ser beneficiario del programa Kit Digital<\/h2>\n<div class=\"row\">\n<div class=\"col-12 col-lg-6\">\n<ul class=\"list-styled\">\n<li class=\"align-items-start\">\n<div><span class=\"h6 mb-3\">Cumplir con la <strong>Ley General de Subvenciones<\/strong><\/span><\/div>\n<\/li>\n<li class=\"align-items-start\">\n<div><span class=\"h6 mb-3\">Tener menos de 50 empleados*. <\/span><\/div>\n<\/li>\n<li class=\"align-items-start\">\n<div><span class=\"h6 mb-3\">Estar inscrito en el Censo de empresarios, profesionales y retenedores de la Agencia Estatal de Administraci\u00f3n Tributaria.<\/span><\/div>\n<\/li>\n<li class=\"align-items-start\">\n<div><span class=\"h6 mb-3\">No tener consideraci\u00f3n de empresa en crisis.<\/span><\/div>\n<\/li>\n<li class=\"align-items-start\">\n<div><span class=\"h6 mb-3\">Estar al corriente de las obligaciones tributarias y con la Seguridad Social.<\/span><\/div>\n<\/li>\n<li class=\"align-items-start\">\n<div><span class=\"h6 mb-3\">No superar el l\u00edmite de ayudas de m\u00ednimos.<\/span><\/div>\n<\/li>\n<li class=\"align-items-start\">\n<div><span class=\"h6 mb-3\">Haber realizado el test de diagn\u00f3stico del programa Kit Digital. <\/span><\/div>\n<\/li>\n<\/ul>\n<\/div>\n<div class=\"col-12 col-lg-6\"><\/div>\n<div class=\"col-md-12\">\n<p style=\"font-size: 12px;\">*(La categorizaci\u00f3n de empresas y de cuant\u00edas a recibir se har\u00e1 en base al n\u00famero de empleados detallado en la tabla de Segmentos de empresas beneficiarias)<\/p>\n<\/div>\n<\/div>\n<h2 class=\"h4 font-weight-bold mt-5 mb-3 mt-md-0 mt-xl-5\">Principales caracter\u00edsticas del programa Kit Digital<\/h2>\n<div class=\"row\">\n<div class=\"col-12 col-lg-6\">\n<ul class=\"list-styled\">\n<li class=\"align-items-start\">\n<div><span class=\"h6 mb-3\"><strong>Programa KIT DIGITAL<\/strong> pone a disposici\u00f3n de las empresas y aut\u00f3nomos diferentes paquetes (o kits) con soluciones digitales. <\/span><\/div>\n<\/li>\n<li class=\"align-items-start\">\n<div><span class=\"h6 mb-3\">Las soluciones digitales ser\u00e1n llevadas a cabo por agentes digitalizadores certificados por Red.es. <strong>Diapli ser\u00e1 una de las empresas homologadas<\/strong> para poder llevar a cabo tu proyecto. <\/span><\/div>\n<\/li>\n<li class=\"align-items-start\">\n<div><span class=\"h6 mb-3\">Para saber qu\u00e9 soluci\u00f3n es la m\u00e1s adecuada para tu negocio, es imprescindible que realices un <a href=\"https:\/\/www.acelerapyme.gob.es\/quieres-conocer-el-grado-de-digitalizacion-de-tu-pyme\" target=\"_blank\" rel=\"noopener\">test de autodiagn\u00f3stico<\/a> sobre tu negocio. El resultado de este test determinar\u00e1 el nivel de intensidad digital de tu empresa y qu\u00e9 soluci\u00f3n o soluciones son las adecuadas para tu negocio.<\/span><\/div>\n<\/li>\n<li class=\"align-items-start\">\n<div>La convocatoria todav\u00eda no ha salido publicada, pero se espera que lo haga el pr\u00f3ximo <strong>mes de febrero de 2022<\/strong>.<\/div>\n<\/li>\n<li class=\"align-items-start\">\n<div><span class=\"h6 mb-3\">La concesi\u00f3n de la ayuda ser\u00e1 de concurrencia no competitiva. Es decir, <strong>por orden de entrada<\/strong>.<\/span><\/div>\n<\/li>\n<li class=\"align-items-start\">\n<div>Una vez concedida, dispondr\u00e1s de <strong>6 meses para gastar la ayuda<\/strong>. Podr\u00e1s escoger hasta 5 soluciones digitales de un a\u00f1o de duraci\u00f3n.<\/div>\n<\/li>\n<\/ul>\n<\/div>\n<\/div>\n<div class=\"mt-5\"><\/div>\n<h2 class=\"h4 font-weight-bold mt-5 mb-0 mt-md-0 mt-xl-5\">Cantidades m\u00e1ximas subvencionables<\/h2>\n<p class=\"mt-2 mb-3 mt-md-0\">La cantidad m\u00e1xima subvencionable para cada empresa depender\u00e1 del tama\u00f1o de la misma. A continuaci\u00f3n, veremos cu\u00e1les son los importes m\u00e1ximos subvencionables para cada empresa:<\/p>\n<div class=\"row\">\n<div class=\"col-12\">\n<table>\n<tbody>\n<tr>\n<th>Segmentos de empresas beneficiarias<\/th>\n<th class=\"text-right\">Importe m\u00e1ximo concedido<\/th>\n<\/tr>\n<tr>\n<td>Segmento I. Peque\u00f1as empresas de entre 10 y 49 empleados.<\/td>\n<td class=\"h4 font-weight-bold text-right\">12.000 \u20ac<\/td>\n<\/tr>\n<tr>\n<td>Segmento II. Peque\u00f1as empresas o microempresas de entre 3 y 9 empleados.<\/td>\n<td class=\"h4 font-weight-bold text-right\">6.000 \u20ac<\/td>\n<\/tr>\n<tr>\n<td>Segmento III. Peque\u00f1as empresas o microempresas de entre 0 y 2 empleados.<\/td>\n<td class=\"h4 font-weight-bold text-right\">2.000 \u20ac<\/td>\n<\/tr>\n<\/tbody>\n<\/table>\n<\/div>\n<\/div>\n<\/div>\n<p><img decoding=\"async\" class=\"path-ventajas\" src=\"https:\/\/www.invbit.com\/wp-content\/plugins\/wp-fastest-cache-premium\/pro\/images\/blank.gif\" alt=\"\" data-wpfc-original-src=\"\/wp-content\/themes\/invbit\/images\/landing-emprendedores\/path-ventajas.svg\" \/><\/p>\n<\/section>\n<section class=\"section advantage-section bg-gradient has-text is-right\" data-text=\"Dise\u00f1o Web\">\n<div class=\"container\">\n<div class=\"row\">\n<div class=\"col-12\">\n<h2 class=\"h1 big text-white font-weight-bold text-center mt-xl-5 mt-5\">\u00bfQu\u00e9 soluciones digitales te ofrecemos en Diapli?<\/h2>\n<h2 class=\"h1 text-white font-weight-bold text-center mt-xl-5 mt-5\">P\u00e1gina web corporativa<\/h2>\n<p class=\"text-white text-center\">Aumenta la presencia online de tu negocio con una p\u00e1gina web corporativa<\/p>\n<p>&nbsp;<\/p>\n<\/div>\n<\/div>\n<div class=\"row\">\n<div class=\"col-lg-6 col-12\">\n<div class=\"advantages-block\">\n<div class=\"bloque\">\n<h2 class=\"font-weight-bold h1\"><span class=\"gradient-text font-weight-bold\" style=\"text-transform: uppercase; font-size: 1.2rem;\">Digital Kit<\/span><br \/>\nSitio web y presencia online<\/h2>\n<div class=\"precios\">\n<div class=\"row\">\n<div class=\"col-12\">\n<div class=\"subv text-green font-weight-bold\"><span class=\"h1 font-weight-bold\">0 \u20ac<\/span> <span style=\"font-size: 24px;\">con la subvencion<\/span><\/div>\n<\/div>\n<div class=\"col-12\">\n<div class=\"subv text-red font-weight-bold\"><span class=\"font-weight-bold\">2.000 \u20ac<\/span> <span style=\"font-size: 16px;\">sin la subvencion<\/span><\/div>\n<\/div>\n<div class=\"col-12\">\n<p style=\"font-size: 11px;\"><span class=\"text-green\">*<\/span> El coste puede variar en funci\u00f3n del segmento al que pertenezca tu negocio<\/p>\n<\/div>\n<\/div>\n<\/div>\n<ul>\n<li>Registro o migraci\u00f3n de dominio durante al menos 12 meses.<\/li>\n<li>Alojamiento web durante 12 meses.<\/li>\n<li>Dise\u00f1o y desarrollo web con hasta 10 apartados.<\/li>\n<li>Dise\u00f1o web Responsive.<\/li>\n<li>Web autogestionable.<\/li>\n<li>Dise\u00f1o adaptado a los criterios de conformidad del nivel AA de las Pautas WCAG-2.1.<\/li>\n<li>Web optimizada para los principales buscadores. Posicionamiento SEO b\u00e1sico.<\/li>\n<li>Adaptaci\u00f3n al RGPD y asesoramiento para el resto de los textos legales necesarios.<\/li>\n<li>1 a\u00f1o de soporte y formaci\u00f3n.<\/li>\n<li>2 a\u00f1os de garant\u00eda.<\/li>\n<\/ul>\n<\/div>\n<\/div>\n<\/div>\n<\/div>\n<\/div>\n<p><img decoding=\"async\" class=\"path-ventajas\" src=\"https:\/\/www.invbit.com\/wp-content\/plugins\/wp-fastest-cache-premium\/pro\/images\/blank.gif\" alt=\"\" data-wpfc-original-src=\"\/wp-content\/themes\/invbit\/images\/landing-emprendedores\/path-ventajas.svg\" \/><\/p>\n<\/section>\n<section class=\"section how-section pb-15 has-text is-left\" data-text=\"tienda\">\n<div class=\"container\">\n<div class=\"row\">\n<div class=\"col-12\">\n<h2 class=\"h1 text-white font-weight-bold text-center mt-xl-5 mt-5\">Tienda online<\/h2>\n<p class=\"text-white text-center\">Creaci\u00f3n de un E-commerce en el que vender productos o servicios de forma f\u00e1cil y eficaz<\/p>\n<p>&nbsp;<\/p>\n<\/div>\n<\/div>\n<div class=\"row\">\n<div class=\"col-lg-6 col-12\">\n<div class=\"advantages-block\">\n<div class=\"bloque\">\n<h2 class=\"font-weight-bold h1\"><span class=\"gradient-text font-weight-bold\" style=\"text-transform: uppercase; font-size: 1.2rem;\">Digital Kit<\/span><br \/>\nComercio Electr\u00f3nico<\/h2>\n<div class=\"precios\">\n<div class=\"row\">\n<div class=\"col-12\">\n<div class=\"subv text-green font-weight-bold\"><span class=\"h1 font-weight-bold\">0 \u20ac<\/span> <span style=\"font-size: 24px;\">con la subvencion<\/span><\/div>\n<\/div>\n<div class=\"col-12\">\n<div class=\"subv text-red font-weight-bold\"><span class=\"font-weight-bold\">2.000 \u20ac<\/span> <span style=\"font-size: 16px;\">sin la subvenci\u00f3n <\/span><\/div>\n<\/div>\n<div class=\"col-12\">\n<p style=\"font-size: 11px;\"><span class=\"text-green\">*<\/span> El coste puede variar en funci\u00f3n del segmento al que pertenezca tu negocio<\/p>\n<\/div>\n<\/div>\n<\/div>\n<ul>\n<li>Dise\u00f1o y desarrollo de tienda online con un cat\u00e1logo de productos o servicios.<\/li>\n<li>Carga inicial de al menos 100 referencias de producto<\/li>\n<li>Configuraci\u00f3n e integraci\u00f3n de m\u00e9todos de pago.<\/li>\n<li>Configuraci\u00f3n e integraci\u00f3n de sistemas de env\u00edo digital y f\u00edsico de productos o servicios.<\/li>\n<li>Dise\u00f1o web Responsive<\/li>\n<li>Web autogestionable.<\/li>\n<li>Dise\u00f1o adaptado a los criterios de conformidad del nivel AA de las Pautas WCAG-2.1.<\/li>\n<li>Web optimizada para los principales buscadores. Posicionamiento SEO.<\/li>\n<li>Adaptaci\u00f3n al RGPD y asesoramiento para el resto de los textos legales necesarios.<\/li>\n<li>1 a\u00f1o de soporte y formaci\u00f3n.<\/li>\n<\/ul>\n<p>&nbsp;<\/p>\n<\/div>\n<\/div>\n<\/div>\n<div class=\"col-lg-6 col-12\">\n<div class=\"advantages-block\">\n<div class=\"bloque\">\n<h2 class=\"font-weight-bold h1\"><span class=\"gradient-text font-weight-bold\" style=\"text-transform: uppercase; font-size: 1.2rem;\">Digital Kit<\/span><br \/>\nComercio electr\u00f3nico y anal\u00edtica web<\/h2>\n<div class=\"precios\">\n<div class=\"row\">\n<div class=\"col-12\">\n<div class=\"subv text-green font-weight-bold\"><span class=\"h1 font-weight-bold\">0 \u20ac<\/span> <span style=\"font-size: 24px;\">con la subvenci\u00f3n<\/span><\/div>\n<\/div>\n<div class=\"col-12\">\n<div class=\"subv text-red\"><span class=\"font-weight-bold\">6.000 \u20ac<\/span> <span style=\"font-size: 12px; line-height: 14px;\"> sin la subvenci\u00f3n &#8211; 3 usuarios<\/span><\/div>\n<div class=\"subv text-red\"><span class=\"font-weight-bold\">4.000 \u20ac<\/span> <span style=\"font-size: 12px; line-height: 14px;\"> sin la subvenci\u00f3n &#8211; 1 usuario<\/span><\/div>\n<\/div>\n<div class=\"col-12\">\n<p style=\"font-size: 11px;\"><span class=\"text-green\">*<\/span> El coste puede variar en funci\u00f3n del segmento al que pertenezca tu negocio<\/p>\n<\/div>\n<\/div>\n<\/div>\n<ul>\n<li>Dise\u00f1o y desarrollo de tienda online con un cat\u00e1logo de productos o servicios.<\/li>\n<li>Carga inicial de al menos 100 referencias de producto<\/li>\n<li>Configuraci\u00f3n e integraci\u00f3n de m\u00e9todos de pago.<\/li>\n<li>Configuraci\u00f3n e integraci\u00f3n de sistemas de env\u00edo digital y f\u00edsico de productos o servicios.<\/li>\n<li>Dise\u00f1o web Responsive<\/li>\n<li>Web autogestionable.<\/li>\n<li>Dise\u00f1o adaptado a los criterios de conformidad del nivel AA de las Pautas WCAG-2.1.<\/li>\n<li>Web optimizada para los principales buscadores. Posicionamiento SEO.<\/li>\n<li>Adaptaci\u00f3n al RGPD y asesoramiento para el resto de los textos legales necesarios.<\/li>\n<li>1 a\u00f1o de soporte y formaci\u00f3n.<\/li>\n<li>Servicio de anal\u00edtica web y BI. Estudio avanzado de tr\u00e1fico web durante los primeros 2 meses. Visitas, apartados m\u00e1s visitados, tasa de salida, tasa de rebote, tracking web. Elaboraci\u00f3n de informe.<\/li>\n<\/ul>\n<p><img decoding=\"async\" class=\"path-ventajas\" src=\"https:\/\/www.invbit.com\/wp-content\/plugins\/wp-fastest-cache-premium\/pro\/images\/blank.gif\" alt=\"\" data-wpfc-original-src=\"\/wp-content\/themes\/invbit\/images\/landing-emprendedores\/path-ventajas.svg\" \/><\/p>\n<\/div>\n<\/div>\n<\/div>\n<\/div>\n<\/div>\n<\/section>\n<section class=\"section benefits-section2 bg-white has-text is-green is-left\" data-text=\"social\">\n<div class=\"container\">\n<div class=\"row\">\n<div class=\"col-lg-6 col-12\">\n<div class=\"advantages-block\">\n<div class=\"bloque\">\n<h2 class=\"font-weight-bold h1\"><span class=\"gradient-text font-weight-bold\" style=\"text-transform: uppercase; font-size: 1.2rem;\">Digital Kit<\/span><\/h2>\n<\/div>\n<\/div>\n<\/div>\n<\/div>\n<\/div>\n<\/section>\n<section class=\"section benefits-section bg-blue has-text is-green is-left\" data-text=\"social\">\n<div class=\"container\">\n<div class=\"row\">\n<div class=\"col-12\">\n<h2 class=\"h1 font-weight-bold text-center mt-xl-5 mt-5\">CRM Y ERP<\/h2>\n<p class=\"text-center\">Digitalizaci\u00f3n y optimizaci\u00f3n de la gesti\u00f3n de clientes y procesos<\/p>\n<p>&nbsp;<\/p>\n<\/div>\n<\/div>\n<div class=\"row\">\n<div class=\"col-lg-6 col-12\">\n<div class=\"advantages-block\">\n<div class=\"bloque\">\n<h2 class=\"font-weight-bold h1\"><span class=\"gradient-text font-weight-bold\" style=\"text-transform: uppercase; font-size: 1.2rem;\">Digital Kit<\/span><br \/>\nCRM &#8211; Gesti\u00f3n de clientes\/proveedores<\/h2>\n<div class=\"precios\">\n<div class=\"row\">\n<div class=\"col-12\">\n<div class=\"subv text-green font-weight-bold\"><span class=\"h1 font-weight-bold\">0 \u20ac<\/span> <span style=\"font-size: 24px;\">con la subvenci\u00f3n<\/span><\/div>\n<\/div>\n<div class=\"col-12\">\n<div class=\"subv text-red\"><span class=\"font-weight-bold\">4.000 \u20ac<\/span> <span style=\"font-size: 12px;\"> sin la subvenci\u00f3n &#8211; 3 usuarios<\/span><\/div>\n<div class=\"subv text-red\"><span class=\"font-weight-bold\">2.000 \u20ac<\/span> <span style=\"font-size: 12px;\">sin la subvenci\u00f3n &#8211; 1 usuario<\/span><\/div>\n<\/div>\n<div class=\"col-12\">\n<p style=\"font-size: 11px;\"><span class=\"text-green\">*<\/span> El coste puede variar en funci\u00f3n del segmento al que pertenezca tu negocio<\/p>\n<\/div>\n<\/div>\n<\/div>\n<ul>\n<li>40h de parametrizaci\u00f3n para empresas del segmento I o 30h de parametrizaci\u00f3n para empresas del segmento II.<\/li>\n<li>Almacenaje y consulta de datos de clientes desde su alta como oportunidad de negocio, simulaci\u00f3n de compra de productos o contrataci\u00f3n de servicios.<\/li>\n<li>Gesti\u00f3n de clientes potenciales (Leads)<\/li>\n<li>Gesti\u00f3n de oportunidades de negocios que conlleven el env\u00edo al cliente potencial de ofertas y presupuestos, incluyendo el estado de cada oportunidad.<\/li>\n<li>Creaci\u00f3n de acciones y tareas comerciales.<\/li>\n<li>Reporting, planificaci\u00f3n y seguimiento comercial.<\/li>\n<li>Alertas de clientes.<\/li>\n<li>Software de gesti\u00f3n documental.<\/li>\n<li>Dise\u00f1o Responsive.<\/li>\n<li>La soluci\u00f3n dispondr\u00e1 de APIs o Web Services para poder integrarse con otras herramientas.<\/li>\n<\/ul>\n<p>&nbsp;<\/p>\n<\/div>\n<\/div>\n<\/div>\n<div class=\"col-lg-6 col-12\">\n<div class=\"advantages-block\">\n<div class=\"bloque\">\n<h2 class=\"font-weight-bold h1\"><span class=\"gradient-text font-weight-bold\" style=\"text-transform: uppercase; font-size: 1.2rem;\">Digital Kit<\/span><br \/>\nERP &#8211; Gesti\u00f3n de procesos<\/h2>\n<div class=\"precios\">\n<div class=\"row\">\n<div class=\"col-12\">\n<div class=\"subv text-green font-weight-bold\"><span class=\"h1 font-weight-bold\">0 \u20ac<\/span> <span style=\"font-size: 24px;\">con la subvencion<\/span><\/div>\n<\/div>\n<div class=\"col-12\">\n<div class=\"subv text-red\"><span class=\"font-weight-bold\">6.000 \u20ac<\/span> <span style=\"font-size: 12px;\"> sin la subveci\u00f3n &#8211; 3 usuarios<\/span><\/div>\n<div class=\"subv text-red\"><span class=\"font-weight-bold\">3.000 \u20ac<\/span> <span style=\"font-size: 12px;\"> sin la subveci\u00f3n &#8211; 1 usuarios<\/span><\/div>\n<div class=\"subv text-red\"><span class=\"text-green\" style=\"font-size: 11px;\">*<\/span><span style=\"font-size: 11px;\"> El coste puede variar en funci\u00f3n del segmento al que pertenezca tu negocio<\/span><\/div>\n<\/div>\n<\/div>\n<\/div>\n<ul>\n<li>60h de parametrizaci\u00f3n para empresas del segmento I o 45h de parametrizaci\u00f3n para empresas del segmento II.<\/li>\n<li>Digitalizaci\u00f3n y automatizaci\u00f3n de procesos y flujos de trabajo. Esto incluir\u00e1:<\/li>\n<li>Contabilidad\/finanzas, Facturaci\u00f3n, Proyectos, Inventario, Compras y pagos, Log\u00edstica<\/li>\n<li>Ser\u00e1 actualizable con nuevas versiones.<\/li>\n<li>Escalable: soluci\u00f3n adaptable a los posibles cambios que experimente la estructura de tu negocio.<\/li>\n<li>Cumplimiento del Reglamento que regula las obligaciones de facturaci\u00f3n del Real Decreto 1619\/2012.<\/li>\n<\/ul>\n<p><img decoding=\"async\" class=\"path-ventajas\" src=\"https:\/\/www.invbit.com\/wp-content\/plugins\/wp-fastest-cache-premium\/pro\/images\/blank.gif\" alt=\"\" data-wpfc-original-src=\"\/wp-content\/themes\/invbit\/images\/landing-emprendedores\/path-ventajas.svg\" \/><\/p>\n<\/div>\n<\/div>\n<\/div>\n<\/div>\n<\/div>\n<\/section>\n<section class=\"section how-section pb-15 has-text is-left\" data-text=\"tienda\">\n<div class=\"container\">\n<div class=\"row\">\n<div class=\"col-12\">\n<h2 class=\"h1 text-white font-weight-bold text-center mt-xl-5 mt-5\">Business Intelligence y anal\u00edtica<\/h2>\n<p class=\"text-white text-center\">Saca el m\u00e1ximo partido a los datos de tu negocio<\/p>\n<p>&nbsp;<\/p>\n<\/div>\n<\/div>\n<div class=\"advantages-block\">\n<div class=\"bloque\">\n<div class=\"row\">\n<div class=\"col-lg-6 col-12\">\n<h2 class=\"font-weight-bold h1\"><span class=\"gradient-text font-weight-bold\" style=\"text-transform: uppercase; font-size: 1.2rem;\">Digital Kit<\/span><br \/>\nAnal\u00edtica web<\/h2>\n<div class=\"precios\">\n<div class=\"row\">\n<div class=\"col-12\">\n<div class=\"subv text-green font-weight-bold\"><span class=\"h1 font-weight-bold\">0 \u20ac<\/span> <span style=\"font-size: 24px;\">con la subvencion<\/span><\/div>\n<\/div>\n<div class=\"col-12\">\n<div class=\"subv text-red\"><span class=\"font-weight-bold\">4.000 \u20ac<\/span> <span style=\"font-size: 12px;\">sin la subvenci\u00f3n<\/span><\/div>\n<\/div>\n<div class=\"col-12\">\n<p style=\"font-size: 11px;\"><span class=\"text-green\">*<\/span> El coste puede variar en funci\u00f3n del segmento al que pertenezca tu negocio<\/p>\n<\/div>\n<\/div>\n<\/div>\n<\/div>\n<div class=\"col-lg-6 col-12\">\n<ul>\n<li>Parametrizaci\u00f3n, para definir la particularidad de cada proceso de comercializaci\u00f3n, as\u00ed como la carga de datos.<\/li>\n<li>Integraci\u00f3n de datos con otras bases de datos<\/li>\n<li>Almacenamiento de datos (m\u00ednimo 1GB por usuario)<\/li>\n<li>Creaci\u00f3n de paneles de datos estructurados y distintas formas de visualizaci\u00f3n.<\/li>\n<li>Exportaci\u00f3n de datos a im\u00e1genes o documentos de Excel, para facilitar la compatibilidad con otros programas.<\/li>\n<\/ul>\n<\/div>\n<\/div>\n<\/div>\n<\/div>\n<\/div>\n<p>&nbsp;<\/p>\n<\/section>\n<section class=\"section our-projects-section has-text is-white is-right\" data-text=\"Proyectos\">\n<div class=\"container\">\n<div class=\"row\">\n<div class=\"col-12\">\n<h2 class=\"h1 font-weight-bold text-white text-center mt-5 mt-md-0\">Algunos de nuestros proyectos<\/h2>\n<\/div>\n<\/div>\n<div class=\"row mt-5\">\n<article class=\"col-lg-6 col-12\">\n<div class=\"block-projects\">\n<div class=\"block_benefits-text pl-3\">\n<p><span class=\"block_projects-type\">ERP:<\/span><\/p>\n<\/div>\n<\/div>\n<\/article>\n<article class=\"col-lg-6 col-12\">\n<div class=\"block-projects\">\n<div class=\"block_benefits-text pl-3\">\n<div class=\"block_benefits-text pl-3\">\n<h4 class=\"font-weight-bold text-white\">Delta Valencia SL<br \/>\n<strong>Viokox SL<br \/>\n<\/strong><strong>Ivalmed SL<\/strong><\/h4>\n<\/div>\n<\/div>\n<\/div>\n<\/article>\n<\/div>\n<\/div>\n<\/section>\n<section class=\"section cta-section has-text is-right is-green dots\" data-text=\"Contacto\">\n<div class=\"container\">\n<div class=\"row align-items-center\">\n<div class=\"col-lg-7 col-12 pl-md-5 my-4 my-md-0\"><\/div>\n<\/div>\n<\/div>\n<\/section>\n<p><span class=\"block_projects-type\">CRM:<\/span><\/p>\n<h4 class=\"font-weight-bold text-white\">Asfaltos Chova SA<\/h4>\n","protected":false},"excerpt":{"rendered":"<p>Ayudas Pymes Programa KIT DIGITAL 100% Subvencionado hasta 12.000 \u20ac \u00a1Digitaliza ya tu empresa! Diapli Software SL est\u00e1 adherida al Cat\u00e1logo de Soluciones de Digitalizaci\u00f3n del Programa Kit Digital. La financiaci\u00f3n de las ayudas se efect\u00faa con fondos del Plan de Recuperaci\u00f3n, Transformaci\u00f3n y Resiliencia de Espa\u00f1a, financiado por el Plan europeo Next Generation EU. [&hellip;]<\/p>\n","protected":false},"author":1,"featured_media":10815,"parent":0,"menu_order":0,"comment_status":"closed","ping_status":"closed","template":"elementor_theme","meta":{"_monsterinsights_skip_tracking":false,"_monsterinsights_sitenote_active":false,"_monsterinsights_sitenote_note":"","_monsterinsights_sitenote_category":0,"footnotes":""},"class_list":["post-10804","page","type-page","status-publish","has-post-thumbnail","hentry"],"_links":{"self":[{"href":"https:\/\/www.diapli.com\/index.php?rest_route=\/wp\/v2\/pages\/10804"}],"collection":[{"href":"https:\/\/www.diapli.com\/index.php?rest_route=\/wp\/v2\/pages"}],"about":[{"href":"https:\/\/www.diapli.com\/index.php?rest_route=\/wp\/v2\/types\/page"}],"author":[{"embeddable":true,"href":"https:\/\/www.diapli.com\/index.php?rest_route=\/wp\/v2\/users\/1"}],"replies":[{"embeddable":true,"href":"https:\/\/www.diapli.com\/index.php?rest_route=%2Fwp%2Fv2%2Fcomments&post=10804"}],"version-history":[{"count":4,"href":"https:\/\/www.diapli.com\/index.php?rest_route=\/wp\/v2\/pages\/10804\/revisions"}],"predecessor-version":[{"id":10817,"href":"https:\/\/www.diapli.com\/index.php?rest_route=\/wp\/v2\/pages\/10804\/revisions\/10817"}],"wp:featuredmedia":[{"embeddable":true,"href":"https:\/\/www.diapli.com\/index.php?rest_route=\/wp\/v2\/media\/10815"}],"wp:attachment":[{"href":"https:\/\/www.diapli.com\/index.php?rest_route=%2Fwp%2Fv2%2Fmedia&parent=10804"}],"curies":[{"name":"wp","href":"https:\/\/api.w.org\/{rel}","templated":true}]}}